{"id":663,"date":"2024-12-20T10:27:24","date_gmt":"2024-12-20T10:27:24","guid":{"rendered":"https:\/\/nextmovilamurrio.rkinformatika.online\/?page_id=663"},"modified":"2024-12-20T16:07:19","modified_gmt":"2024-12-20T16:07:19","slug":"productos","status":"publish","type":"page","link":"https:\/\/nextmovilamurrio.com\/eu\/productos\/","title":{"rendered":"Produktuak"},"content":{"rendered":"<div data-elementor-type=\"wp-page\" data-elementor-id=\"663\" class=\"elementor elementor-663\" data-elementor-post-type=\"page\">\n\t\t\t\t<div class=\"elementor-element elementor-element-ca0447d e-con-full e-flex e-con e-parent\" data-id=\"ca0447d\" data-element_type=\"container\" data-e-type=\"container\" data-settings=\"{&quot;background_background&quot;:&quot;classic&quot;}\">\n\t\t\t\t<div class=\"elementor-element elementor-element-0d6c90a elementor-widget elementor-widget-heading\" data-id=\"0d6c90a\" data-element_type=\"widget\" data-e-type=\"widget\" data-widget_type=\"heading.default\">\n\t\t\t\t<div class=\"elementor-widget-container\">\n\t\t\t\t\t<h2 class=\"elementor-heading-title elementor-size-default\">Produktuak<\/h2>\t\t\t\t<\/div>\n\t\t\t\t<\/div>\n\t\t\t\t<\/div>\n\t\t<div class=\"elementor-element elementor-element-0562816 e-flex e-con-boxed e-con e-parent\" data-id=\"0562816\" data-element_type=\"container\" data-e-type=\"container\">\n\t\t\t\t\t<div class=\"e-con-inner\">\n\t\t\t\t<div class=\"elementor-element elementor-element-cbbbcc5 elementor-widget elementor-widget-heading\" data-id=\"cbbbcc5\" data-element_type=\"widget\" data-e-type=\"widget\" data-widget_type=\"heading.default\">\n\t\t\t\t<div class=\"elementor-widget-container\">\n\t\t\t\t\t<h2 class=\"elementor-heading-title elementor-size-default\">Contamos con una selecci\u00f3n de productos para adaptarse a cualquier necesidad y estilo personal.<\/h2>\t\t\t\t<\/div>\n\t\t\t\t<\/div>\n\t\t\t\t\t<\/div>\n\t\t\t\t<\/div>\n\t\t<div class=\"elementor-element elementor-element-8d69e4c e-flex e-con-boxed e-con e-parent\" data-id=\"8d69e4c\" data-element_type=\"container\" data-e-type=\"container\">\n\t\t\t\t\t<div class=\"e-con-inner\">\n\t\t\t\t<div class=\"elementor-element elementor-element-4ef4df5 elementor-position-top elementor-widget elementor-widget-image-box\" data-id=\"4ef4df5\" data-element_type=\"widget\" data-e-type=\"widget\" data-widget_type=\"image-box.default\">\n\t\t\t\t<div class=\"elementor-widget-container\">\n\t\t\t\t\t<div class=\"elementor-image-box-wrapper\"><figure class=\"elementor-image-box-img\"><img fetchpriority=\"high\" decoding=\"async\" width=\"1500\" height=\"1000\" src=\"https:\/\/nextmovilamurrio.com\/wp-content\/uploads\/2024\/12\/96026.jpg\" class=\"attachment-full size-full wp-image-691\" alt=\"\" srcset=\"https:\/\/nextmovilamurrio.com\/wp-content\/uploads\/2024\/12\/96026.jpg 1500w, https:\/\/nextmovilamurrio.com\/wp-content\/uploads\/2024\/12\/96026-300x200.jpg 300w, https:\/\/nextmovilamurrio.com\/wp-content\/uploads\/2024\/12\/96026-1024x683.jpg 1024w, https:\/\/nextmovilamurrio.com\/wp-content\/uploads\/2024\/12\/96026-768x512.jpg 768w, https:\/\/nextmovilamurrio.com\/wp-content\/uploads\/2024\/12\/96026-18x12.jpg 18w\" sizes=\"(max-width: 1500px) 100vw, 1500px\" \/><\/figure><div class=\"elementor-image-box-content\"><h3 class=\"elementor-image-box-title\">Fundas<\/h3><p class=\"elementor-image-box-description\">Protege tu dispositivo con estilo. Disponibles en una amplia gama de colores, materiales y dise\u00f1os para adaptarse a tus gustos y necesidades.<\/p><\/div><\/div>\t\t\t\t<\/div>\n\t\t\t\t<\/div>\n\t\t\t\t<div class=\"elementor-element elementor-element-e14042f elementor-position-top elementor-widget elementor-widget-image-box\" data-id=\"e14042f\" data-element_type=\"widget\" data-e-type=\"widget\" data-widget_type=\"image-box.default\">\n\t\t\t\t<div class=\"elementor-widget-container\">\n\t\t\t\t\t<div class=\"elementor-image-box-wrapper\"><figure class=\"elementor-image-box-img\"><img decoding=\"async\" width=\"1500\" height=\"1000\" src=\"https:\/\/nextmovilamurrio.com\/wp-content\/uploads\/2024\/12\/28-1.jpg\" class=\"attachment-full size-full wp-image-692\" alt=\"\" srcset=\"https:\/\/nextmovilamurrio.com\/wp-content\/uploads\/2024\/12\/28-1.jpg 1500w, https:\/\/nextmovilamurrio.com\/wp-content\/uploads\/2024\/12\/28-1-300x200.jpg 300w, https:\/\/nextmovilamurrio.com\/wp-content\/uploads\/2024\/12\/28-1-1024x683.jpg 1024w, https:\/\/nextmovilamurrio.com\/wp-content\/uploads\/2024\/12\/28-1-768x512.jpg 768w, https:\/\/nextmovilamurrio.com\/wp-content\/uploads\/2024\/12\/28-1-18x12.jpg 18w\" sizes=\"(max-width: 1500px) 100vw, 1500px\" \/><\/figure><div class=\"elementor-image-box-content\"><h3 class=\"elementor-image-box-title\">Cargadores<\/h3><p class=\"elementor-image-box-description\">Cargadores r\u00e1pidos y seguros, compatibles con m\u00faltiples marcas y modelos. Incluye opciones de cargadores inal\u00e1mbricos y de viaje.<\/p><\/div><\/div>\t\t\t\t<\/div>\n\t\t\t\t<\/div>\n\t\t\t\t<div class=\"elementor-element elementor-element-3390807 elementor-position-top elementor-widget elementor-widget-image-box\" data-id=\"3390807\" data-element_type=\"widget\" data-e-type=\"widget\" data-widget_type=\"image-box.default\">\n\t\t\t\t<div class=\"elementor-widget-container\">\n\t\t\t\t\t<div class=\"elementor-image-box-wrapper\"><figure class=\"elementor-image-box-img\"><img decoding=\"async\" width=\"1500\" height=\"1000\" src=\"https:\/\/nextmovilamurrio.com\/wp-content\/uploads\/2024\/12\/2358.jpg\" class=\"attachment-full size-full wp-image-696\" alt=\"\" srcset=\"https:\/\/nextmovilamurrio.com\/wp-content\/uploads\/2024\/12\/2358.jpg 1500w, https:\/\/nextmovilamurrio.com\/wp-content\/uploads\/2024\/12\/2358-300x200.jpg 300w, https:\/\/nextmovilamurrio.com\/wp-content\/uploads\/2024\/12\/2358-1024x683.jpg 1024w, https:\/\/nextmovilamurrio.com\/wp-content\/uploads\/2024\/12\/2358-768x512.jpg 768w, https:\/\/nextmovilamurrio.com\/wp-content\/uploads\/2024\/12\/2358-18x12.jpg 18w\" sizes=\"(max-width: 1500px) 100vw, 1500px\" \/><\/figure><div class=\"elementor-image-box-content\"><h3 class=\"elementor-image-box-title\">Protectores de Pantalla<\/h3><p class=\"elementor-image-box-description\">M\u00e1xima protecci\u00f3n contra rayaduras y golpes con protectores de cristal templado y de alta resistencia, ajustados a tu dispositivo.\n<\/p><\/div><\/div>\t\t\t\t<\/div>\n\t\t\t\t<\/div>\n\t\t\t\t\t<\/div>\n\t\t\t\t<\/div>\n\t\t<div class=\"elementor-element elementor-element-d44211b e-flex e-con-boxed e-con e-parent\" data-id=\"d44211b\" data-element_type=\"container\" data-e-type=\"container\">\n\t\t\t\t\t<div class=\"e-con-inner\">\n\t\t\t\t<div class=\"elementor-element elementor-element-a3e8d05 elementor-position-top elementor-widget elementor-widget-image-box\" data-id=\"a3e8d05\" data-element_type=\"widget\" data-e-type=\"widget\" data-widget_type=\"image-box.default\">\n\t\t\t\t<div class=\"elementor-widget-container\">\n\t\t\t\t\t<div class=\"elementor-image-box-wrapper\"><figure class=\"elementor-image-box-img\"><img loading=\"lazy\" decoding=\"async\" width=\"1500\" height=\"1000\" src=\"https:\/\/nextmovilamurrio.com\/wp-content\/uploads\/2024\/12\/804.jpg\" class=\"attachment-full size-full wp-image-739\" alt=\"\" srcset=\"https:\/\/nextmovilamurrio.com\/wp-content\/uploads\/2024\/12\/804.jpg 1500w, https:\/\/nextmovilamurrio.com\/wp-content\/uploads\/2024\/12\/804-300x200.jpg 300w, https:\/\/nextmovilamurrio.com\/wp-content\/uploads\/2024\/12\/804-1024x683.jpg 1024w, https:\/\/nextmovilamurrio.com\/wp-content\/uploads\/2024\/12\/804-768x512.jpg 768w, https:\/\/nextmovilamurrio.com\/wp-content\/uploads\/2024\/12\/804-18x12.jpg 18w\" sizes=\"(max-width: 1500px) 100vw, 1500px\" \/><\/figure><div class=\"elementor-image-box-content\"><h3 class=\"elementor-image-box-title\">Soportes para coche<\/h3><p class=\"elementor-image-box-description\">Conduce con comodidad y seguridad gracias a nuestra variedad de soportes para m\u00f3viles.<\/p><\/div><\/div>\t\t\t\t<\/div>\n\t\t\t\t<\/div>\n\t\t\t\t<div class=\"elementor-element elementor-element-4974609 elementor-position-top elementor-widget elementor-widget-image-box\" data-id=\"4974609\" data-element_type=\"widget\" data-e-type=\"widget\" data-widget_type=\"image-box.default\">\n\t\t\t\t<div class=\"elementor-widget-container\">\n\t\t\t\t\t<div class=\"elementor-image-box-wrapper\"><figure class=\"elementor-image-box-img\"><img loading=\"lazy\" decoding=\"async\" width=\"1500\" height=\"1000\" src=\"https:\/\/nextmovilamurrio.com\/wp-content\/uploads\/2024\/12\/74246.jpg\" class=\"attachment-full size-full wp-image-694\" alt=\"\" srcset=\"https:\/\/nextmovilamurrio.com\/wp-content\/uploads\/2024\/12\/74246.jpg 1500w, https:\/\/nextmovilamurrio.com\/wp-content\/uploads\/2024\/12\/74246-300x200.jpg 300w, https:\/\/nextmovilamurrio.com\/wp-content\/uploads\/2024\/12\/74246-1024x683.jpg 1024w, https:\/\/nextmovilamurrio.com\/wp-content\/uploads\/2024\/12\/74246-768x512.jpg 768w, https:\/\/nextmovilamurrio.com\/wp-content\/uploads\/2024\/12\/74246-18x12.jpg 18w\" sizes=\"(max-width: 1500px) 100vw, 1500px\" \/><\/figure><div class=\"elementor-image-box-content\"><h3 class=\"elementor-image-box-title\">Auriculares<\/h3><p class=\"elementor-image-box-description\">Disfruta de tu m\u00fasica con calidad de sonido superior. Ofrecemos auriculares inal\u00e1mbricos, con cable y modelos deportivos.<\/p><\/div><\/div>\t\t\t\t<\/div>\n\t\t\t\t<\/div>\n\t\t\t\t<div class=\"elementor-element elementor-element-b9eccca elementor-position-top elementor-widget elementor-widget-image-box\" data-id=\"b9eccca\" data-element_type=\"widget\" data-e-type=\"widget\" data-widget_type=\"image-box.default\">\n\t\t\t\t<div class=\"elementor-widget-container\">\n\t\t\t\t\t<div class=\"elementor-image-box-wrapper\"><figure class=\"elementor-image-box-img\"><img loading=\"lazy\" decoding=\"async\" width=\"1500\" height=\"1000\" src=\"https:\/\/nextmovilamurrio.com\/wp-content\/uploads\/2024\/12\/15462.jpg\" class=\"attachment-full size-full wp-image-741\" alt=\"\" srcset=\"https:\/\/nextmovilamurrio.com\/wp-content\/uploads\/2024\/12\/15462.jpg 1500w, https:\/\/nextmovilamurrio.com\/wp-content\/uploads\/2024\/12\/15462-300x200.jpg 300w, https:\/\/nextmovilamurrio.com\/wp-content\/uploads\/2024\/12\/15462-1024x683.jpg 1024w, https:\/\/nextmovilamurrio.com\/wp-content\/uploads\/2024\/12\/15462-768x512.jpg 768w, https:\/\/nextmovilamurrio.com\/wp-content\/uploads\/2024\/12\/15462-18x12.jpg 18w\" sizes=\"(max-width: 1500px) 100vw, 1500px\" \/><\/figure><div class=\"elementor-image-box-content\"><h3 class=\"elementor-image-box-title\">Gadgets y complementos tecnol\u00f3gicos para m\u00f3viles<\/h3><p class=\"elementor-image-box-description\">Mejora la funcionalidad de tu m\u00f3vil con gadgets innovadores. <\/p><\/div><\/div>\t\t\t\t<\/div>\n\t\t\t\t<\/div>\n\t\t\t\t\t<\/div>\n\t\t\t\t<\/div>\n\t\t<div class=\"elementor-element elementor-element-b49fb7e e-con-full e-flex e-con e-parent\" data-id=\"b49fb7e\" data-element_type=\"container\" data-e-type=\"container\">\n\t\t\t\t<div class=\"elementor-element elementor-element-da0ecca elementor-cta--skin-cover elementor-animated-content elementor-bg-transform elementor-bg-transform-zoom-in elementor-widget elementor-widget-call-to-action\" data-id=\"da0ecca\" data-element_type=\"widget\" data-e-type=\"widget\" data-widget_type=\"call-to-action.default\">\n\t\t\t\t<div class=\"elementor-widget-container\">\n\t\t\t\t\t\t\t<div class=\"elementor-cta\">\n\t\t\t\t\t<div class=\"elementor-cta__bg-wrapper\">\n\t\t\t\t<div class=\"elementor-cta__bg elementor-bg\" style=\"background-image: url(https:\/\/nextmovilamurrio.com\/wp-content\/uploads\/2024\/12\/29364-1024x344.jpg);\" role=\"img\" aria-label=\"29364\"><\/div>\n\t\t\t\t<div class=\"elementor-cta__bg-overlay\"><\/div>\n\t\t\t<\/div>\n\t\t\t\t\t\t\t<div class=\"elementor-cta__content\">\n\t\t\t\t\n\t\t\t\t\t\t\t\t\t<h2 class=\"elementor-cta__title elementor-cta__content-item elementor-content-item elementor-animated-item--grow\">\n\t\t\t\t\t\t\u00a1Haz clic aqu\u00ed para solicitar tu presupuesto!\t\t\t\t\t<\/h2>\n\t\t\t\t\n\t\t\t\t\n\t\t\t\t\t\t\t\t\t<div class=\"elementor-cta__button-wrapper elementor-cta__content-item elementor-content-item elementor-animated-item--grow\">\n\t\t\t\t\t<a class=\"elementor-cta__button elementor-button elementor-size-\" href=\"https:\/\/wa.me\/+34945368346\">\n\t\t\t\t\t\tConsultar disponibilidad\t\t\t\t\t<\/a>\n\t\t\t\t\t<\/div>\n\t\t\t\t\t\t\t<\/div>\n\t\t\t\t\t\t<\/div>\n\t\t\t\t\t\t<\/div>\n\t\t\t\t<\/div>\n\t\t\t\t<\/div>\n\t\t\t\t<\/div>","protected":false},"excerpt":{"rendered":"<p>Productos Contamos con una selecci\u00f3n de productos para adaptarse a cualquier necesidad y estilo personal. Fundas Protege tu dispositivo con estilo. Disponibles en una amplia gama de colores, materiales y dise\u00f1os para adaptarse a tus gustos y necesidades. Cargadores Cargadores r\u00e1pidos y seguros, compatibles con m\u00faltiples marcas y modelos. Incluye opciones de cargadores inal\u00e1mbricos y [&hellip;]<\/p>\n","protected":false},"author":3,"featured_media":0,"parent":0,"menu_order":0,"comment_status":"closed","ping_status":"closed","template":"","meta":{"footnotes":""},"class_list":["post-663","page","type-page","status-publish","hentry"],"yoast_head":"<!-- This site is optimized with the Yoast SEO plugin v27.3 - https:\/\/yoast.com\/product\/yoast-seo-wordpress\/ -->\n<title>Productos - NEXT MOVIL AMURRIO<\/title>\n<meta name=\"robots\" content=\"index, follow, max-snippet:-1, max-image-preview:large, max-video-preview:-1\" \/>\n<link rel=\"canonical\" href=\"https:\/\/nextmovilamurrio.com\/eu\/productos\/\" \/>\n<meta property=\"og:locale\" content=\"en_US\" \/>\n<meta property=\"og:type\" content=\"article\" \/>\n<meta property=\"og:title\" content=\"Productos - NEXT MOVIL AMURRIO\" \/>\n<meta property=\"og:description\" content=\"Productos Contamos con una selecci\u00f3n de productos para adaptarse a cualquier necesidad y estilo personal. Fundas Protege tu dispositivo con estilo. Disponibles en una amplia gama de colores, materiales y dise\u00f1os para adaptarse a tus gustos y necesidades. Cargadores Cargadores r\u00e1pidos y seguros, compatibles con m\u00faltiples marcas y modelos. Incluye opciones de cargadores inal\u00e1mbricos y [&hellip;]\" \/>\n<meta property=\"og:url\" content=\"https:\/\/nextmovilamurrio.com\/eu\/productos\/\" \/>\n<meta property=\"og:site_name\" content=\"NEXT MOVIL AMURRIO\" \/>\n<meta property=\"article:modified_time\" content=\"2024-12-20T16:07:19+00:00\" \/>\n<meta property=\"og:image\" content=\"https:\/\/nextmovilamurrio.com\/wp-content\/uploads\/2024\/12\/96026.jpg\" \/>\n\t<meta property=\"og:image:width\" content=\"1500\" \/>\n\t<meta property=\"og:image:height\" content=\"1000\" \/>\n\t<meta property=\"og:image:type\" content=\"image\/jpeg\" \/>\n<meta name=\"twitter:card\" content=\"summary_large_image\" \/>\n<meta name=\"twitter:label1\" content=\"Est. reading time\" \/>\n\t<meta name=\"twitter:data1\" content=\"2 minutua\" \/>\n<script type=\"application\/ld+json\" class=\"yoast-schema-graph\">{\"@context\":\"https:\\\/\\\/schema.org\",\"@graph\":[{\"@type\":\"WebPage\",\"@id\":\"https:\\\/\\\/nextmovilamurrio.com\\\/productos\\\/\",\"url\":\"https:\\\/\\\/nextmovilamurrio.com\\\/productos\\\/\",\"name\":\"Productos - NEXT MOVIL AMURRIO\",\"isPartOf\":{\"@id\":\"https:\\\/\\\/nextmovilamurrio.com\\\/#website\"},\"primaryImageOfPage\":{\"@id\":\"https:\\\/\\\/nextmovilamurrio.com\\\/productos\\\/#primaryimage\"},\"image\":{\"@id\":\"https:\\\/\\\/nextmovilamurrio.com\\\/productos\\\/#primaryimage\"},\"thumbnailUrl\":\"https:\\\/\\\/nextmovilamurrio.com\\\/wp-content\\\/uploads\\\/2024\\\/12\\\/96026.jpg\",\"datePublished\":\"2024-12-20T10:27:24+00:00\",\"dateModified\":\"2024-12-20T16:07:19+00:00\",\"breadcrumb\":{\"@id\":\"https:\\\/\\\/nextmovilamurrio.com\\\/productos\\\/#breadcrumb\"},\"inLanguage\":\"eu\",\"potentialAction\":[{\"@type\":\"ReadAction\",\"target\":[\"https:\\\/\\\/nextmovilamurrio.com\\\/productos\\\/\"]}]},{\"@type\":\"ImageObject\",\"inLanguage\":\"eu\",\"@id\":\"https:\\\/\\\/nextmovilamurrio.com\\\/productos\\\/#primaryimage\",\"url\":\"https:\\\/\\\/nextmovilamurrio.com\\\/wp-content\\\/uploads\\\/2024\\\/12\\\/96026.jpg\",\"contentUrl\":\"https:\\\/\\\/nextmovilamurrio.com\\\/wp-content\\\/uploads\\\/2024\\\/12\\\/96026.jpg\"},{\"@type\":\"BreadcrumbList\",\"@id\":\"https:\\\/\\\/nextmovilamurrio.com\\\/productos\\\/#breadcrumb\",\"itemListElement\":[{\"@type\":\"ListItem\",\"position\":1,\"name\":\"Portada\",\"item\":\"https:\\\/\\\/nextmovilamurrio.com\\\/\"},{\"@type\":\"ListItem\",\"position\":2,\"name\":\"Productos\"}]},{\"@type\":\"WebSite\",\"@id\":\"https:\\\/\\\/nextmovilamurrio.com\\\/#website\",\"url\":\"https:\\\/\\\/nextmovilamurrio.com\\\/\",\"name\":\"NEXT MOVIL AMURRIO\",\"description\":\"Reparaci\u00f3n de dispositivos m\u00f3viles y en la venta de accesorios tecnol\u00f3gicos. \",\"publisher\":{\"@id\":\"https:\\\/\\\/nextmovilamurrio.com\\\/#organization\"},\"potentialAction\":[{\"@type\":\"SearchAction\",\"target\":{\"@type\":\"EntryPoint\",\"urlTemplate\":\"https:\\\/\\\/nextmovilamurrio.com\\\/?s={search_term_string}\"},\"query-input\":{\"@type\":\"PropertyValueSpecification\",\"valueRequired\":true,\"valueName\":\"search_term_string\"}}],\"inLanguage\":\"eu\"},{\"@type\":\"Organization\",\"@id\":\"https:\\\/\\\/nextmovilamurrio.com\\\/#organization\",\"name\":\"NEXT MOVIL AMURRIO\",\"url\":\"https:\\\/\\\/nextmovilamurrio.com\\\/\",\"logo\":{\"@type\":\"ImageObject\",\"inLanguage\":\"eu\",\"@id\":\"https:\\\/\\\/nextmovilamurrio.com\\\/#\\\/schema\\\/logo\\\/image\\\/\",\"url\":\"https:\\\/\\\/nextmovilamurrio.com\\\/wp-content\\\/uploads\\\/2024\\\/12\\\/cropped-Diseno-sin-titulo.png\",\"contentUrl\":\"https:\\\/\\\/nextmovilamurrio.com\\\/wp-content\\\/uploads\\\/2024\\\/12\\\/cropped-Diseno-sin-titulo.png\",\"width\":500,\"height\":348,\"caption\":\"NEXT MOVIL AMURRIO\"},\"image\":{\"@id\":\"https:\\\/\\\/nextmovilamurrio.com\\\/#\\\/schema\\\/logo\\\/image\\\/\"}}]}<\/script>\n<!-- \/ Yoast SEO plugin. -->","yoast_head_json":{"title":"Productos - NEXT MOVIL AMURRIO","robots":{"index":"index","follow":"follow","max-snippet":"max-snippet:-1","max-image-preview":"max-image-preview:large","max-video-preview":"max-video-preview:-1"},"canonical":"https:\/\/nextmovilamurrio.com\/eu\/productos\/","og_locale":"en_US","og_type":"article","og_title":"Productos - NEXT MOVIL AMURRIO","og_description":"Productos Contamos con una selecci\u00f3n de productos para adaptarse a cualquier necesidad y estilo personal. Fundas Protege tu dispositivo con estilo. Disponibles en una amplia gama de colores, materiales y dise\u00f1os para adaptarse a tus gustos y necesidades. Cargadores Cargadores r\u00e1pidos y seguros, compatibles con m\u00faltiples marcas y modelos. Incluye opciones de cargadores inal\u00e1mbricos y [&hellip;]","og_url":"https:\/\/nextmovilamurrio.com\/eu\/productos\/","og_site_name":"NEXT MOVIL AMURRIO","article_modified_time":"2024-12-20T16:07:19+00:00","og_image":[{"width":1500,"height":1000,"url":"https:\/\/nextmovilamurrio.com\/wp-content\/uploads\/2024\/12\/96026.jpg","type":"image\/jpeg"}],"twitter_card":"summary_large_image","twitter_misc":{"Est. reading time":"2 minutua"},"schema":{"@context":"https:\/\/schema.org","@graph":[{"@type":"WebPage","@id":"https:\/\/nextmovilamurrio.com\/productos\/","url":"https:\/\/nextmovilamurrio.com\/productos\/","name":"Productos - NEXT MOVIL AMURRIO","isPartOf":{"@id":"https:\/\/nextmovilamurrio.com\/#website"},"primaryImageOfPage":{"@id":"https:\/\/nextmovilamurrio.com\/productos\/#primaryimage"},"image":{"@id":"https:\/\/nextmovilamurrio.com\/productos\/#primaryimage"},"thumbnailUrl":"https:\/\/nextmovilamurrio.com\/wp-content\/uploads\/2024\/12\/96026.jpg","datePublished":"2024-12-20T10:27:24+00:00","dateModified":"2024-12-20T16:07:19+00:00","breadcrumb":{"@id":"https:\/\/nextmovilamurrio.com\/productos\/#breadcrumb"},"inLanguage":"eu","potentialAction":[{"@type":"ReadAction","target":["https:\/\/nextmovilamurrio.com\/productos\/"]}]},{"@type":"ImageObject","inLanguage":"eu","@id":"https:\/\/nextmovilamurrio.com\/productos\/#primaryimage","url":"https:\/\/nextmovilamurrio.com\/wp-content\/uploads\/2024\/12\/96026.jpg","contentUrl":"https:\/\/nextmovilamurrio.com\/wp-content\/uploads\/2024\/12\/96026.jpg"},{"@type":"BreadcrumbList","@id":"https:\/\/nextmovilamurrio.com\/productos\/#breadcrumb","itemListElement":[{"@type":"ListItem","position":1,"name":"Portada","item":"https:\/\/nextmovilamurrio.com\/"},{"@type":"ListItem","position":2,"name":"Productos"}]},{"@type":"WebSite","@id":"https:\/\/nextmovilamurrio.com\/#website","url":"https:\/\/nextmovilamurrio.com\/","name":"NEXT MOVIL AMURRIO","description":"Reparaci\u00f3n de dispositivos m\u00f3viles y en la venta de accesorios tecnol\u00f3gicos.","publisher":{"@id":"https:\/\/nextmovilamurrio.com\/#organization"},"potentialAction":[{"@type":"SearchAction","target":{"@type":"EntryPoint","urlTemplate":"https:\/\/nextmovilamurrio.com\/?s={search_term_string}"},"query-input":{"@type":"PropertyValueSpecification","valueRequired":true,"valueName":"search_term_string"}}],"inLanguage":"eu"},{"@type":"Organization","@id":"https:\/\/nextmovilamurrio.com\/#organization","name":"NEXT MOVIL AMURRIO","url":"https:\/\/nextmovilamurrio.com\/","logo":{"@type":"ImageObject","inLanguage":"eu","@id":"https:\/\/nextmovilamurrio.com\/#\/schema\/logo\/image\/","url":"https:\/\/nextmovilamurrio.com\/wp-content\/uploads\/2024\/12\/cropped-Diseno-sin-titulo.png","contentUrl":"https:\/\/nextmovilamurrio.com\/wp-content\/uploads\/2024\/12\/cropped-Diseno-sin-titulo.png","width":500,"height":348,"caption":"NEXT MOVIL AMURRIO"},"image":{"@id":"https:\/\/nextmovilamurrio.com\/#\/schema\/logo\/image\/"}}]}},"_links":{"self":[{"href":"https:\/\/nextmovilamurrio.com\/eu\/wp-json\/wp\/v2\/pages\/663","targetHints":{"allow":["GET"]}}],"collection":[{"href":"https:\/\/nextmovilamurrio.com\/eu\/wp-json\/wp\/v2\/pages"}],"about":[{"href":"https:\/\/nextmovilamurrio.com\/eu\/wp-json\/wp\/v2\/types\/page"}],"author":[{"embeddable":true,"href":"https:\/\/nextmovilamurrio.com\/eu\/wp-json\/wp\/v2\/users\/3"}],"replies":[{"embeddable":true,"href":"https:\/\/nextmovilamurrio.com\/eu\/wp-json\/wp\/v2\/comments?post=663"}],"version-history":[{"count":37,"href":"https:\/\/nextmovilamurrio.com\/eu\/wp-json\/wp\/v2\/pages\/663\/revisions"}],"predecessor-version":[{"id":767,"href":"https:\/\/nextmovilamurrio.com\/eu\/wp-json\/wp\/v2\/pages\/663\/revisions\/767"}],"wp:attachment":[{"href":"https:\/\/nextmovilamurrio.com\/eu\/wp-json\/wp\/v2\/media?parent=663"}],"curies":[{"name":"wp","href":"https:\/\/api.w.org\/{rel}","templated":true}]}}