{"id":30,"date":"2024-09-20T11:50:15","date_gmt":"2024-09-20T11:50:15","guid":{"rendered":"https:\/\/carpinteriaartetxe.rkinformatika.online\/?page_id=30"},"modified":"2024-12-20T16:08:18","modified_gmt":"2024-12-20T16:08:18","slug":"servicios","status":"publish","type":"page","link":"https:\/\/nextmovilamurrio.com\/eu\/servicios\/","title":{"rendered":"Zerbitzuak"},"content":{"rendered":"<div data-elementor-type=\"wp-page\" data-elementor-id=\"30\" class=\"elementor elementor-30\" data-elementor-post-type=\"page\">\n\t\t\t\t<div class=\"elementor-element elementor-element-ca0447d e-con-full e-flex e-con e-parent\" data-id=\"ca0447d\" data-element_type=\"container\" data-e-type=\"container\" data-settings=\"{&quot;background_background&quot;:&quot;classic&quot;}\">\n\t\t\t\t<div class=\"elementor-element elementor-element-0d6c90a elementor-widget elementor-widget-heading\" data-id=\"0d6c90a\" data-element_type=\"widget\" data-e-type=\"widget\" data-widget_type=\"heading.default\">\n\t\t\t\t<div class=\"elementor-widget-container\">\n\t\t\t\t\t<h2 class=\"elementor-heading-title elementor-size-default\">Zerbitzuak<\/h2>\t\t\t\t<\/div>\n\t\t\t\t<\/div>\n\t\t\t\t<\/div>\n\t\t<div class=\"elementor-element elementor-element-0562816 e-flex e-con-boxed e-con e-parent\" data-id=\"0562816\" data-element_type=\"container\" data-e-type=\"container\">\n\t\t\t\t\t<div class=\"e-con-inner\">\n\t\t\t\t<div class=\"elementor-element elementor-element-cbbbcc5 elementor-widget elementor-widget-heading\" data-id=\"cbbbcc5\" data-element_type=\"widget\" data-e-type=\"widget\" data-widget_type=\"heading.default\">\n\t\t\t\t<div class=\"elementor-widget-container\">\n\t\t\t\t\t<h2 class=\"elementor-heading-title elementor-size-default\">Sabemos lo importante que es tu dispositivo, por eso trabajamos para devolv\u00e9rtelo lo antes posible.<\/h2>\t\t\t\t<\/div>\n\t\t\t\t<\/div>\n\t\t\t\t\t<\/div>\n\t\t\t\t<\/div>\n\t\t<div class=\"elementor-element elementor-element-8d69e4c e-flex e-con-boxed e-con e-parent\" data-id=\"8d69e4c\" data-element_type=\"container\" data-e-type=\"container\">\n\t\t\t\t\t<div class=\"e-con-inner\">\n\t\t\t\t<div class=\"elementor-element elementor-element-4ef4df5 elementor-position-top elementor-widget elementor-widget-image-box\" data-id=\"4ef4df5\" data-element_type=\"widget\" data-e-type=\"widget\" data-widget_type=\"image-box.default\">\n\t\t\t\t<div class=\"elementor-widget-container\">\n\t\t\t\t\t<div class=\"elementor-image-box-wrapper\"><figure class=\"elementor-image-box-img\"><img fetchpriority=\"high\" decoding=\"async\" width=\"1500\" height=\"1000\" src=\"https:\/\/nextmovilamurrio.com\/wp-content\/uploads\/2024\/12\/55393.jpg\" class=\"attachment-full size-full wp-image-646\" alt=\"\" srcset=\"https:\/\/nextmovilamurrio.com\/wp-content\/uploads\/2024\/12\/55393.jpg 1500w, https:\/\/nextmovilamurrio.com\/wp-content\/uploads\/2024\/12\/55393-300x200.jpg 300w, https:\/\/nextmovilamurrio.com\/wp-content\/uploads\/2024\/12\/55393-1024x683.jpg 1024w, https:\/\/nextmovilamurrio.com\/wp-content\/uploads\/2024\/12\/55393-768x512.jpg 768w, https:\/\/nextmovilamurrio.com\/wp-content\/uploads\/2024\/12\/55393-18x12.jpg 18w\" sizes=\"(max-width: 1500px) 100vw, 1500px\" \/><\/figure><div class=\"elementor-image-box-content\"><h3 class=\"elementor-image-box-title\">Reparaci\u00f3n de Pantallas<\/h3><p class=\"elementor-image-box-description\">Cambiamos pantallas rotas o da\u00f1adas para que tu dispositivo luzca como nuevo.<\/p><\/div><\/div>\t\t\t\t<\/div>\n\t\t\t\t<\/div>\n\t\t\t\t<div class=\"elementor-element elementor-element-e14042f elementor-position-top elementor-widget elementor-widget-image-box\" data-id=\"e14042f\" data-element_type=\"widget\" data-e-type=\"widget\" data-widget_type=\"image-box.default\">\n\t\t\t\t<div class=\"elementor-widget-container\">\n\t\t\t\t\t<div class=\"elementor-image-box-wrapper\"><figure class=\"elementor-image-box-img\"><img decoding=\"async\" width=\"1500\" height=\"1000\" src=\"https:\/\/nextmovilamurrio.com\/wp-content\/uploads\/2024\/12\/1207.jpg\" class=\"attachment-full size-full wp-image-648\" alt=\"\" srcset=\"https:\/\/nextmovilamurrio.com\/wp-content\/uploads\/2024\/12\/1207.jpg 1500w, https:\/\/nextmovilamurrio.com\/wp-content\/uploads\/2024\/12\/1207-300x200.jpg 300w, https:\/\/nextmovilamurrio.com\/wp-content\/uploads\/2024\/12\/1207-1024x683.jpg 1024w, https:\/\/nextmovilamurrio.com\/wp-content\/uploads\/2024\/12\/1207-768x512.jpg 768w, https:\/\/nextmovilamurrio.com\/wp-content\/uploads\/2024\/12\/1207-18x12.jpg 18w\" sizes=\"(max-width: 1500px) 100vw, 1500px\" \/><\/figure><div class=\"elementor-image-box-content\"><h3 class=\"elementor-image-box-title\">Sustituci\u00f3n de Bater\u00edas<\/h3><p class=\"elementor-image-box-description\">Instalamos bater\u00edas nuevas para maximizar el rendimiento y la duraci\u00f3n de tu dispositivo.<\/p><\/div><\/div>\t\t\t\t<\/div>\n\t\t\t\t<\/div>\n\t\t\t\t<div class=\"elementor-element elementor-element-eb24bff elementor-position-top elementor-widget elementor-widget-image-box\" data-id=\"eb24bff\" data-element_type=\"widget\" data-e-type=\"widget\" data-widget_type=\"image-box.default\">\n\t\t\t\t<div class=\"elementor-widget-container\">\n\t\t\t\t\t<div class=\"elementor-image-box-wrapper\"><figure class=\"elementor-image-box-img\"><img decoding=\"async\" width=\"1500\" height=\"1000\" src=\"https:\/\/nextmovilamurrio.com\/wp-content\/uploads\/2024\/12\/21624.jpg\" class=\"attachment-full size-full wp-image-649\" alt=\"\" srcset=\"https:\/\/nextmovilamurrio.com\/wp-content\/uploads\/2024\/12\/21624.jpg 1500w, https:\/\/nextmovilamurrio.com\/wp-content\/uploads\/2024\/12\/21624-300x200.jpg 300w, https:\/\/nextmovilamurrio.com\/wp-content\/uploads\/2024\/12\/21624-1024x683.jpg 1024w, https:\/\/nextmovilamurrio.com\/wp-content\/uploads\/2024\/12\/21624-768x512.jpg 768w, https:\/\/nextmovilamurrio.com\/wp-content\/uploads\/2024\/12\/21624-18x12.jpg 18w\" sizes=\"(max-width: 1500px) 100vw, 1500px\" \/><\/figure><div class=\"elementor-image-box-content\"><h3 class=\"elementor-image-box-title\">Soluci\u00f3n de Problemas de Software<\/h3><p class=\"elementor-image-box-description\">Resolvemos fallos, actualizamos sistemas y optimizamos el rendimiento.<\/p><\/div><\/div>\t\t\t\t<\/div>\n\t\t\t\t<\/div>\n\t\t\t\t\t<\/div>\n\t\t\t\t<\/div>\n\t\t<div class=\"elementor-element elementor-element-94c842f e-flex e-con-boxed e-con e-parent\" data-id=\"94c842f\" data-element_type=\"container\" data-e-type=\"container\">\n\t\t\t\t\t<div class=\"e-con-inner\">\n\t\t\t\t<div class=\"elementor-element elementor-element-06cc520 elementor-position-top elementor-widget elementor-widget-image-box\" data-id=\"06cc520\" data-element_type=\"widget\" data-e-type=\"widget\" data-widget_type=\"image-box.default\">\n\t\t\t\t<div class=\"elementor-widget-container\">\n\t\t\t\t\t<div class=\"elementor-image-box-wrapper\"><figure class=\"elementor-image-box-img\"><img loading=\"lazy\" decoding=\"async\" width=\"1500\" height=\"1000\" src=\"https:\/\/nextmovilamurrio.com\/wp-content\/uploads\/2024\/12\/1311.jpg\" class=\"attachment-full size-full wp-image-730\" alt=\"\" srcset=\"https:\/\/nextmovilamurrio.com\/wp-content\/uploads\/2024\/12\/1311.jpg 1500w, https:\/\/nextmovilamurrio.com\/wp-content\/uploads\/2024\/12\/1311-300x200.jpg 300w, https:\/\/nextmovilamurrio.com\/wp-content\/uploads\/2024\/12\/1311-1024x683.jpg 1024w, https:\/\/nextmovilamurrio.com\/wp-content\/uploads\/2024\/12\/1311-768x512.jpg 768w, https:\/\/nextmovilamurrio.com\/wp-content\/uploads\/2024\/12\/1311-18x12.jpg 18w\" sizes=\"(max-width: 1500px) 100vw, 1500px\" \/><\/figure><div class=\"elementor-image-box-content\"><h3 class=\"elementor-image-box-title\">Reparaci\u00f3n de puertos de carga y botones da\u00f1ados<\/h3><p class=\"elementor-image-box-description\">Solucionamos problemas en puertos de carga que impiden conectar correctamente el cable o cargar tu dispositivo y botones da\u00f1ados.<\/p><\/div><\/div>\t\t\t\t<\/div>\n\t\t\t\t<\/div>\n\t\t\t\t<div class=\"elementor-element elementor-element-e81f70f elementor-position-top elementor-widget elementor-widget-image-box\" data-id=\"e81f70f\" data-element_type=\"widget\" data-e-type=\"widget\" data-widget_type=\"image-box.default\">\n\t\t\t\t<div class=\"elementor-widget-container\">\n\t\t\t\t\t<div class=\"elementor-image-box-wrapper\"><figure class=\"elementor-image-box-img\"><img loading=\"lazy\" decoding=\"async\" width=\"1500\" height=\"1000\" src=\"https:\/\/nextmovilamurrio.com\/wp-content\/uploads\/2024\/12\/476.jpg\" class=\"attachment-full size-full wp-image-732\" alt=\"\" srcset=\"https:\/\/nextmovilamurrio.com\/wp-content\/uploads\/2024\/12\/476.jpg 1500w, https:\/\/nextmovilamurrio.com\/wp-content\/uploads\/2024\/12\/476-300x200.jpg 300w, https:\/\/nextmovilamurrio.com\/wp-content\/uploads\/2024\/12\/476-1024x683.jpg 1024w, https:\/\/nextmovilamurrio.com\/wp-content\/uploads\/2024\/12\/476-768x512.jpg 768w, https:\/\/nextmovilamurrio.com\/wp-content\/uploads\/2024\/12\/476-18x12.jpg 18w\" sizes=\"(max-width: 1500px) 100vw, 1500px\" \/><\/figure><div class=\"elementor-image-box-content\"><h3 class=\"elementor-image-box-title\">Recuperaci\u00f3n de Datos y Transferencias<\/h3><p class=\"elementor-image-box-description\">Recuperamos informaci\u00f3n perdida o inaccesible desde tu dispositivo, ya sea por eliminaci\u00f3n accidental, fallos t\u00e9cnicos o da\u00f1os f\u00edsicos. <\/p><\/div><\/div>\t\t\t\t<\/div>\n\t\t\t\t<\/div>\n\t\t\t\t<div class=\"elementor-element elementor-element-42affc2 elementor-position-top elementor-widget elementor-widget-image-box\" data-id=\"42affc2\" data-element_type=\"widget\" data-e-type=\"widget\" data-widget_type=\"image-box.default\">\n\t\t\t\t<div class=\"elementor-widget-container\">\n\t\t\t\t\t<div class=\"elementor-image-box-wrapper\"><figure class=\"elementor-image-box-img\"><img loading=\"lazy\" decoding=\"async\" width=\"1500\" height=\"1000\" src=\"https:\/\/nextmovilamurrio.com\/wp-content\/uploads\/2024\/12\/14880.jpg\" class=\"attachment-full size-full wp-image-650\" alt=\"\" srcset=\"https:\/\/nextmovilamurrio.com\/wp-content\/uploads\/2024\/12\/14880.jpg 1500w, https:\/\/nextmovilamurrio.com\/wp-content\/uploads\/2024\/12\/14880-300x200.jpg 300w, https:\/\/nextmovilamurrio.com\/wp-content\/uploads\/2024\/12\/14880-1024x683.jpg 1024w, https:\/\/nextmovilamurrio.com\/wp-content\/uploads\/2024\/12\/14880-768x512.jpg 768w, https:\/\/nextmovilamurrio.com\/wp-content\/uploads\/2024\/12\/14880-18x12.jpg 18w\" sizes=\"(max-width: 1500px) 100vw, 1500px\" \/><\/figure><div class=\"elementor-image-box-content\"><h3 class=\"elementor-image-box-title\">Diagn\u00f3stico sin Compromiso<\/h3><p class=\"elementor-image-box-description\">Evaluamos tu dispositivo y te ofrecemos la mejor soluci\u00f3n sin coste adicional.\n<\/p><\/div><\/div>\t\t\t\t<\/div>\n\t\t\t\t<\/div>\n\t\t\t\t\t<\/div>\n\t\t\t\t<\/div>\n\t\t<div class=\"elementor-element elementor-element-b49fb7e e-con-full e-flex e-con e-parent\" data-id=\"b49fb7e\" data-element_type=\"container\" data-e-type=\"container\">\n\t\t\t\t<div class=\"elementor-element elementor-element-da0ecca elementor-cta--skin-cover elementor-animated-content elementor-bg-transform elementor-bg-transform-zoom-in elementor-widget elementor-widget-call-to-action\" data-id=\"da0ecca\" data-element_type=\"widget\" data-e-type=\"widget\" data-widget_type=\"call-to-action.default\">\n\t\t\t\t<div class=\"elementor-widget-container\">\n\t\t\t\t\t\t\t<div class=\"elementor-cta\">\n\t\t\t\t\t<div class=\"elementor-cta__bg-wrapper\">\n\t\t\t\t<div class=\"elementor-cta__bg elementor-bg\" style=\"background-image: url(https:\/\/nextmovilamurrio.com\/wp-content\/uploads\/2024\/12\/29364-1024x344.jpg);\" role=\"img\" aria-label=\"29364\"><\/div>\n\t\t\t\t<div class=\"elementor-cta__bg-overlay\"><\/div>\n\t\t\t<\/div>\n\t\t\t\t\t\t\t<div class=\"elementor-cta__content\">\n\t\t\t\t\n\t\t\t\t\t\t\t\t\t<h2 class=\"elementor-cta__title elementor-cta__content-item elementor-content-item elementor-animated-item--grow\">\n\t\t\t\t\t\t\u00a1Haz clic aqu\u00ed para solicitar tu presupuesto!\t\t\t\t\t<\/h2>\n\t\t\t\t\n\t\t\t\t\n\t\t\t\t\t\t\t\t\t<div class=\"elementor-cta__button-wrapper elementor-cta__content-item elementor-content-item elementor-animated-item--grow\">\n\t\t\t\t\t<a class=\"elementor-cta__button elementor-button elementor-size-\" href=\"https:\/\/wa.me\/+34945368346\">\n\t\t\t\t\t\tSolicitar presupuesto\t\t\t\t\t<\/a>\n\t\t\t\t\t<\/div>\n\t\t\t\t\t\t\t<\/div>\n\t\t\t\t\t\t<\/div>\n\t\t\t\t\t\t<\/div>\n\t\t\t\t<\/div>\n\t\t\t\t<\/div>\n\t\t\t\t<\/div>","protected":false},"excerpt":{"rendered":"<p>Servicios Sabemos lo importante que es tu dispositivo, por eso trabajamos para devolv\u00e9rtelo lo antes posible. Reparaci\u00f3n de Pantallas Cambiamos pantallas rotas o da\u00f1adas para que tu dispositivo luzca como nuevo. Sustituci\u00f3n de Bater\u00edas Instalamos bater\u00edas nuevas para maximizar el rendimiento y la duraci\u00f3n de tu dispositivo. Soluci\u00f3n de Problemas de Software Resolvemos fallos, actualizamos [&hellip;]<\/p>\n","protected":false},"author":3,"featured_media":0,"parent":0,"menu_order":0,"comment_status":"closed","ping_status":"closed","template":"","meta":{"footnotes":""},"class_list":["post-30","page","type-page","status-publish","hentry"],"yoast_head":"<!-- This site is optimized with the Yoast SEO plugin v27.3 - https:\/\/yoast.com\/product\/yoast-seo-wordpress\/ -->\n<title>Servicios - NEXT MOVIL AMURRIO<\/title>\n<meta name=\"robots\" content=\"index, follow, max-snippet:-1, max-image-preview:large, max-video-preview:-1\" \/>\n<link rel=\"canonical\" href=\"https:\/\/nextmovilamurrio.com\/eu\/servicios\/\" \/>\n<meta property=\"og:locale\" content=\"en_US\" \/>\n<meta property=\"og:type\" content=\"article\" \/>\n<meta property=\"og:title\" content=\"Servicios - NEXT MOVIL AMURRIO\" \/>\n<meta property=\"og:description\" content=\"Servicios Sabemos lo importante que es tu dispositivo, por eso trabajamos para devolv\u00e9rtelo lo antes posible. Reparaci\u00f3n de Pantallas Cambiamos pantallas rotas o da\u00f1adas para que tu dispositivo luzca como nuevo. Sustituci\u00f3n de Bater\u00edas Instalamos bater\u00edas nuevas para maximizar el rendimiento y la duraci\u00f3n de tu dispositivo. Soluci\u00f3n de Problemas de Software Resolvemos fallos, actualizamos [&hellip;]\" \/>\n<meta property=\"og:url\" content=\"https:\/\/nextmovilamurrio.com\/eu\/servicios\/\" \/>\n<meta property=\"og:site_name\" content=\"NEXT MOVIL AMURRIO\" \/>\n<meta property=\"article:modified_time\" content=\"2024-12-20T16:08:18+00:00\" \/>\n<meta property=\"og:image\" content=\"https:\/\/nextmovilamurrio.com\/wp-content\/uploads\/2024\/12\/55393.jpg\" \/>\n\t<meta property=\"og:image:width\" content=\"1500\" \/>\n\t<meta property=\"og:image:height\" content=\"1000\" \/>\n\t<meta property=\"og:image:type\" content=\"image\/jpeg\" \/>\n<meta name=\"twitter:card\" content=\"summary_large_image\" \/>\n<meta name=\"twitter:label1\" content=\"Est. reading time\" \/>\n\t<meta name=\"twitter:data1\" content=\"2 minutua\" \/>\n<script type=\"application\/ld+json\" class=\"yoast-schema-graph\">{\"@context\":\"https:\\\/\\\/schema.org\",\"@graph\":[{\"@type\":\"WebPage\",\"@id\":\"https:\\\/\\\/nextmovilamurrio.com\\\/servicios\\\/\",\"url\":\"https:\\\/\\\/nextmovilamurrio.com\\\/servicios\\\/\",\"name\":\"Servicios - NEXT MOVIL AMURRIO\",\"isPartOf\":{\"@id\":\"https:\\\/\\\/nextmovilamurrio.com\\\/#website\"},\"primaryImageOfPage\":{\"@id\":\"https:\\\/\\\/nextmovilamurrio.com\\\/servicios\\\/#primaryimage\"},\"image\":{\"@id\":\"https:\\\/\\\/nextmovilamurrio.com\\\/servicios\\\/#primaryimage\"},\"thumbnailUrl\":\"https:\\\/\\\/nextmovilamurrio.com\\\/wp-content\\\/uploads\\\/2024\\\/12\\\/55393.jpg\",\"datePublished\":\"2024-09-20T11:50:15+00:00\",\"dateModified\":\"2024-12-20T16:08:18+00:00\",\"breadcrumb\":{\"@id\":\"https:\\\/\\\/nextmovilamurrio.com\\\/servicios\\\/#breadcrumb\"},\"inLanguage\":\"eu\",\"potentialAction\":[{\"@type\":\"ReadAction\",\"target\":[\"https:\\\/\\\/nextmovilamurrio.com\\\/servicios\\\/\"]}]},{\"@type\":\"ImageObject\",\"inLanguage\":\"eu\",\"@id\":\"https:\\\/\\\/nextmovilamurrio.com\\\/servicios\\\/#primaryimage\",\"url\":\"https:\\\/\\\/nextmovilamurrio.com\\\/wp-content\\\/uploads\\\/2024\\\/12\\\/55393.jpg\",\"contentUrl\":\"https:\\\/\\\/nextmovilamurrio.com\\\/wp-content\\\/uploads\\\/2024\\\/12\\\/55393.jpg\"},{\"@type\":\"BreadcrumbList\",\"@id\":\"https:\\\/\\\/nextmovilamurrio.com\\\/servicios\\\/#breadcrumb\",\"itemListElement\":[{\"@type\":\"ListItem\",\"position\":1,\"name\":\"Portada\",\"item\":\"https:\\\/\\\/nextmovilamurrio.com\\\/\"},{\"@type\":\"ListItem\",\"position\":2,\"name\":\"Servicios\"}]},{\"@type\":\"WebSite\",\"@id\":\"https:\\\/\\\/nextmovilamurrio.com\\\/#website\",\"url\":\"https:\\\/\\\/nextmovilamurrio.com\\\/\",\"name\":\"NEXT MOVIL AMURRIO\",\"description\":\"Reparaci\u00f3n de dispositivos m\u00f3viles y en la venta de accesorios tecnol\u00f3gicos. \",\"publisher\":{\"@id\":\"https:\\\/\\\/nextmovilamurrio.com\\\/#organization\"},\"potentialAction\":[{\"@type\":\"SearchAction\",\"target\":{\"@type\":\"EntryPoint\",\"urlTemplate\":\"https:\\\/\\\/nextmovilamurrio.com\\\/?s={search_term_string}\"},\"query-input\":{\"@type\":\"PropertyValueSpecification\",\"valueRequired\":true,\"valueName\":\"search_term_string\"}}],\"inLanguage\":\"eu\"},{\"@type\":\"Organization\",\"@id\":\"https:\\\/\\\/nextmovilamurrio.com\\\/#organization\",\"name\":\"NEXT MOVIL AMURRIO\",\"url\":\"https:\\\/\\\/nextmovilamurrio.com\\\/\",\"logo\":{\"@type\":\"ImageObject\",\"inLanguage\":\"eu\",\"@id\":\"https:\\\/\\\/nextmovilamurrio.com\\\/#\\\/schema\\\/logo\\\/image\\\/\",\"url\":\"https:\\\/\\\/nextmovilamurrio.com\\\/wp-content\\\/uploads\\\/2024\\\/12\\\/cropped-Diseno-sin-titulo.png\",\"contentUrl\":\"https:\\\/\\\/nextmovilamurrio.com\\\/wp-content\\\/uploads\\\/2024\\\/12\\\/cropped-Diseno-sin-titulo.png\",\"width\":500,\"height\":348,\"caption\":\"NEXT MOVIL AMURRIO\"},\"image\":{\"@id\":\"https:\\\/\\\/nextmovilamurrio.com\\\/#\\\/schema\\\/logo\\\/image\\\/\"}}]}<\/script>\n<!-- \/ Yoast SEO plugin. -->","yoast_head_json":{"title":"Servicios - NEXT MOVIL AMURRIO","robots":{"index":"index","follow":"follow","max-snippet":"max-snippet:-1","max-image-preview":"max-image-preview:large","max-video-preview":"max-video-preview:-1"},"canonical":"https:\/\/nextmovilamurrio.com\/eu\/servicios\/","og_locale":"en_US","og_type":"article","og_title":"Servicios - NEXT MOVIL AMURRIO","og_description":"Servicios Sabemos lo importante que es tu dispositivo, por eso trabajamos para devolv\u00e9rtelo lo antes posible. Reparaci\u00f3n de Pantallas Cambiamos pantallas rotas o da\u00f1adas para que tu dispositivo luzca como nuevo. Sustituci\u00f3n de Bater\u00edas Instalamos bater\u00edas nuevas para maximizar el rendimiento y la duraci\u00f3n de tu dispositivo. Soluci\u00f3n de Problemas de Software Resolvemos fallos, actualizamos [&hellip;]","og_url":"https:\/\/nextmovilamurrio.com\/eu\/servicios\/","og_site_name":"NEXT MOVIL AMURRIO","article_modified_time":"2024-12-20T16:08:18+00:00","og_image":[{"width":1500,"height":1000,"url":"https:\/\/nextmovilamurrio.com\/wp-content\/uploads\/2024\/12\/55393.jpg","type":"image\/jpeg"}],"twitter_card":"summary_large_image","twitter_misc":{"Est. reading time":"2 minutua"},"schema":{"@context":"https:\/\/schema.org","@graph":[{"@type":"WebPage","@id":"https:\/\/nextmovilamurrio.com\/servicios\/","url":"https:\/\/nextmovilamurrio.com\/servicios\/","name":"Servicios - NEXT MOVIL AMURRIO","isPartOf":{"@id":"https:\/\/nextmovilamurrio.com\/#website"},"primaryImageOfPage":{"@id":"https:\/\/nextmovilamurrio.com\/servicios\/#primaryimage"},"image":{"@id":"https:\/\/nextmovilamurrio.com\/servicios\/#primaryimage"},"thumbnailUrl":"https:\/\/nextmovilamurrio.com\/wp-content\/uploads\/2024\/12\/55393.jpg","datePublished":"2024-09-20T11:50:15+00:00","dateModified":"2024-12-20T16:08:18+00:00","breadcrumb":{"@id":"https:\/\/nextmovilamurrio.com\/servicios\/#breadcrumb"},"inLanguage":"eu","potentialAction":[{"@type":"ReadAction","target":["https:\/\/nextmovilamurrio.com\/servicios\/"]}]},{"@type":"ImageObject","inLanguage":"eu","@id":"https:\/\/nextmovilamurrio.com\/servicios\/#primaryimage","url":"https:\/\/nextmovilamurrio.com\/wp-content\/uploads\/2024\/12\/55393.jpg","contentUrl":"https:\/\/nextmovilamurrio.com\/wp-content\/uploads\/2024\/12\/55393.jpg"},{"@type":"BreadcrumbList","@id":"https:\/\/nextmovilamurrio.com\/servicios\/#breadcrumb","itemListElement":[{"@type":"ListItem","position":1,"name":"Portada","item":"https:\/\/nextmovilamurrio.com\/"},{"@type":"ListItem","position":2,"name":"Servicios"}]},{"@type":"WebSite","@id":"https:\/\/nextmovilamurrio.com\/#website","url":"https:\/\/nextmovilamurrio.com\/","name":"NEXT MOVIL AMURRIO","description":"Reparaci\u00f3n de dispositivos m\u00f3viles y en la venta de accesorios tecnol\u00f3gicos.","publisher":{"@id":"https:\/\/nextmovilamurrio.com\/#organization"},"potentialAction":[{"@type":"SearchAction","target":{"@type":"EntryPoint","urlTemplate":"https:\/\/nextmovilamurrio.com\/?s={search_term_string}"},"query-input":{"@type":"PropertyValueSpecification","valueRequired":true,"valueName":"search_term_string"}}],"inLanguage":"eu"},{"@type":"Organization","@id":"https:\/\/nextmovilamurrio.com\/#organization","name":"NEXT MOVIL AMURRIO","url":"https:\/\/nextmovilamurrio.com\/","logo":{"@type":"ImageObject","inLanguage":"eu","@id":"https:\/\/nextmovilamurrio.com\/#\/schema\/logo\/image\/","url":"https:\/\/nextmovilamurrio.com\/wp-content\/uploads\/2024\/12\/cropped-Diseno-sin-titulo.png","contentUrl":"https:\/\/nextmovilamurrio.com\/wp-content\/uploads\/2024\/12\/cropped-Diseno-sin-titulo.png","width":500,"height":348,"caption":"NEXT MOVIL AMURRIO"},"image":{"@id":"https:\/\/nextmovilamurrio.com\/#\/schema\/logo\/image\/"}}]}},"_links":{"self":[{"href":"https:\/\/nextmovilamurrio.com\/eu\/wp-json\/wp\/v2\/pages\/30","targetHints":{"allow":["GET"]}}],"collection":[{"href":"https:\/\/nextmovilamurrio.com\/eu\/wp-json\/wp\/v2\/pages"}],"about":[{"href":"https:\/\/nextmovilamurrio.com\/eu\/wp-json\/wp\/v2\/types\/page"}],"author":[{"embeddable":true,"href":"https:\/\/nextmovilamurrio.com\/eu\/wp-json\/wp\/v2\/users\/3"}],"replies":[{"embeddable":true,"href":"https:\/\/nextmovilamurrio.com\/eu\/wp-json\/wp\/v2\/comments?post=30"}],"version-history":[{"count":103,"href":"https:\/\/nextmovilamurrio.com\/eu\/wp-json\/wp\/v2\/pages\/30\/revisions"}],"predecessor-version":[{"id":770,"href":"https:\/\/nextmovilamurrio.com\/eu\/wp-json\/wp\/v2\/pages\/30\/revisions\/770"}],"wp:attachment":[{"href":"https:\/\/nextmovilamurrio.com\/eu\/wp-json\/wp\/v2\/media?parent=30"}],"curies":[{"name":"wp","href":"https:\/\/api.w.org\/{rel}","templated":true}]}}