{"id":2,"date":"2024-09-20T11:16:08","date_gmt":"2024-09-20T11:16:08","guid":{"rendered":"https:\/\/carpinteriaartetxe.rkinformatika.online\/?page_id=2"},"modified":"2024-12-20T16:12:16","modified_gmt":"2024-12-20T16:12:16","slug":"inicio","status":"publish","type":"page","link":"https:\/\/nextmovilamurrio.com\/eu\/","title":{"rendered":"Hasiera"},"content":{"rendered":"<div data-elementor-type=\"wp-page\" data-elementor-id=\"2\" class=\"elementor elementor-2\" data-elementor-post-type=\"page\">\n\t\t\t\t<div class=\"elementor-element elementor-element-99bfd16 e-con-full e-flex e-con e-parent\" data-id=\"99bfd16\" data-element_type=\"container\" data-e-type=\"container\" data-settings=\"{&quot;background_background&quot;:&quot;classic&quot;}\">\n\t\t\t\t<div class=\"elementor-element elementor-element-fe7d472 elementor-widget elementor-widget-heading\" data-id=\"fe7d472\" data-element_type=\"widget\" data-e-type=\"widget\" data-widget_type=\"heading.default\">\n\t\t\t\t<div class=\"elementor-widget-container\">\n\t\t\t\t\t<h2 class=\"elementor-heading-title elementor-size-default\">Mugikorrak konpontzea eta <br>osagarriak Amurrion.<\/h2>\t\t\t\t<\/div>\n\t\t\t\t<\/div>\n\t\t\t\t<\/div>\n\t\t<div class=\"elementor-element elementor-element-86dc876 e-flex e-con-boxed e-con e-parent\" data-id=\"86dc876\" data-element_type=\"container\" data-e-type=\"container\">\n\t\t\t\t\t<div class=\"e-con-inner\">\n\t\t<div class=\"elementor-element elementor-element-7e47aad e-con-full e-flex e-con e-child\" data-id=\"7e47aad\" data-element_type=\"container\" data-e-type=\"container\" data-settings=\"{&quot;background_background&quot;:&quot;classic&quot;}\">\n\t\t\t\t<\/div>\n\t\t<div class=\"elementor-element elementor-element-e54591e e-con-full e-flex e-con e-child\" data-id=\"e54591e\" data-element_type=\"container\" data-e-type=\"container\">\n\t\t\t\t<div class=\"elementor-element elementor-element-54c724a elementor-widget__width-initial elementor-widget elementor-widget-heading\" data-id=\"54c724a\" data-element_type=\"widget\" data-e-type=\"widget\" data-widget_type=\"heading.default\">\n\t\t\t\t<div class=\"elementor-widget-container\">\n\t\t\t\t\t<h2 class=\"elementor-heading-title elementor-size-default\">Guri Buruz<\/h2>\t\t\t\t<\/div>\n\t\t\t\t<\/div>\n\t\t\t\t<div class=\"elementor-element elementor-element-7278379 elementor-widget elementor-widget-text-editor\" data-id=\"7278379\" data-element_type=\"widget\" data-e-type=\"widget\" data-widget_type=\"text-editor.default\">\n\t\t\t\t<div class=\"elementor-widget-container\">\n\t\t\t\t\t\t\t\t\t<p>Amurrioko Next Mugikorrean, irtenbide teknologiko pertsonalizatuak eta telekomunikazio-zerbitzuak eskaintzen ditugu, hurbiletik eta ikuspegi profesionaletik. Gure helburu nagusia gure bezeroei beren beharretara egokitzen diren aukera onenak aurkitzen laguntzea da, telefonia mugikorrean, Interneten, gailuetan edo euskarri teknikoan.<\/p><p>Harro gaude kalitatearekin eta arreta pertsonalizatuarekin konprometitutako tokiko enpresa izateaz, konfiantzan eta tratu atseginean oinarritutako harremanak eraikiz. Amurrioko Next Mugikorrean, zure ondoan gaude beti, aholkuak emateko eta esperientzia teknologikorik onenaz goza dezazun bermatzeko. Beti laguntzeko gaude hemen! ...<\/p>\t\t\t\t\t\t\t\t<\/div>\n\t\t\t\t<\/div>\n\t\t\t\t<\/div>\n\t\t\t\t\t<\/div>\n\t\t\t\t<\/div>\n\t\t<div class=\"elementor-element elementor-element-6f17978 e-con-full e-flex e-con e-parent\" data-id=\"6f17978\" data-element_type=\"container\" data-e-type=\"container\">\n\t\t\t\t<div class=\"elementor-element elementor-element-94e6235 elementor-cta--skin-cover elementor-animated-content elementor-bg-transform elementor-bg-transform-zoom-in elementor-widget elementor-widget-call-to-action\" data-id=\"94e6235\" data-element_type=\"widget\" data-e-type=\"widget\" data-widget_type=\"call-to-action.default\">\n\t\t\t\t<div class=\"elementor-widget-container\">\n\t\t\t\t\t\t\t<div class=\"elementor-cta\">\n\t\t\t\t\t<div class=\"elementor-cta__bg-wrapper\">\n\t\t\t\t<div class=\"elementor-cta__bg elementor-bg\" style=\"background-image: url(https:\/\/nextmovilamurrio.com\/wp-content\/uploads\/2024\/12\/29364.jpg);\" role=\"img\" aria-label=\"29364\"><\/div>\n\t\t\t\t<div class=\"elementor-cta__bg-overlay\"><\/div>\n\t\t\t<\/div>\n\t\t\t\t\t\t\t<div class=\"elementor-cta__content\">\n\t\t\t\t\n\t\t\t\t\t\t\t\t\t<h2 class=\"elementor-cta__title elementor-cta__content-item elementor-content-item elementor-animated-item--grow\">\n\t\t\t\t\t\tBeti gure bezeroei laguntzen!\t\t\t\t\t<\/h2>\n\t\t\t\t\n\t\t\t\t\n\t\t\t\t\t\t\t\t\t<div class=\"elementor-cta__button-wrapper elementor-cta__content-item elementor-content-item elementor-animated-item--grow\">\n\t\t\t\t\t<a class=\"elementor-cta__button elementor-button elementor-size-\" href=\"https:\/\/nextmovilamurrio.com\/eu\/servicios\/\">\n\t\t\t\t\t\tZerbitzuak\t\t\t\t\t<\/a>\n\t\t\t\t\t<\/div>\n\t\t\t\t\t\t\t<\/div>\n\t\t\t\t\t\t<\/div>\n\t\t\t\t\t\t<\/div>\n\t\t\t\t<\/div>\n\t\t\t\t<\/div>\n\t\t<div class=\"elementor-element elementor-element-d7070a7 e-con-full e-flex e-con e-parent\" data-id=\"d7070a7\" data-element_type=\"container\" data-e-type=\"container\">\n\t\t\t\t<div class=\"elementor-element elementor-element-81b013f elementor-cta--skin-classic elementor-animated-content elementor-bg-transform elementor-bg-transform-zoom-in elementor-widget elementor-widget-call-to-action\" data-id=\"81b013f\" data-element_type=\"widget\" data-e-type=\"widget\" data-widget_type=\"call-to-action.default\">\n\t\t\t\t<div class=\"elementor-widget-container\">\n\t\t\t\t\t\t\t<div class=\"elementor-cta\">\n\t\t\t\t\t\t\t<div class=\"elementor-cta__content\">\n\t\t\t\t\n\t\t\t\t\t\t\t\t\t<h2 class=\"elementor-cta__title elementor-cta__content-item elementor-content-item\">\n\t\t\t\t\t\tZure teknologia esku onetan dago!\t\t\t\t\t<\/h2>\n\t\t\t\t\n\t\t\t\t\n\t\t\t\t\t\t\t\t\t<div class=\"elementor-cta__button-wrapper elementor-cta__content-item elementor-content-item\">\n\t\t\t\t\t<a class=\"elementor-cta__button elementor-button elementor-size-\" href=\"https:\/\/nextmovilamurrio.com\/eu\/productos\/\">\n\t\t\t\t\t\tProduktuak\t\t\t\t\t<\/a>\n\t\t\t\t\t<\/div>\n\t\t\t\t\t\t\t<\/div>\n\t\t\t\t\t\t<\/div>\n\t\t\t\t\t\t<\/div>\n\t\t\t\t<\/div>\n\t\t\t\t<\/div>\n\t\t\t\t<\/div>","protected":false},"excerpt":{"rendered":"<p>Reparaci\u00f3n de m\u00f3viles y accesorios en Amurrio. Sobre Nosotros En Next M\u00f3vil Amurrio, nos dedicamos a ofrecer soluciones tecnol\u00f3gicas personalizadas y servicios de telecomunicaciones con un enfoque cercano y profesional. Nuestro objetivo principal es ayudar a nuestros clientes a encontrar las mejores opciones que se adapten a sus necesidades, ya sea en telefon\u00eda m\u00f3vil, internet, [&hellip;]<\/p>\n","protected":false},"author":3,"featured_media":0,"parent":0,"menu_order":0,"comment_status":"closed","ping_status":"closed","template":"","meta":{"footnotes":""},"class_list":["post-2","page","type-page","status-publish","hentry"],"yoast_head":"<!-- This site is optimized with the Yoast SEO plugin v27.3 - https:\/\/yoast.com\/product\/yoast-seo-wordpress\/ -->\n<title>Inicio - NEXT MOVIL AMURRIO<\/title>\n<meta name=\"robots\" content=\"index, follow, max-snippet:-1, max-image-preview:large, max-video-preview:-1\" \/>\n<link rel=\"canonical\" href=\"https:\/\/nextmovilamurrio.com\/eu\/\" \/>\n<meta property=\"og:locale\" content=\"en_US\" \/>\n<meta property=\"og:type\" content=\"article\" \/>\n<meta property=\"og:title\" content=\"Inicio - NEXT MOVIL AMURRIO\" \/>\n<meta property=\"og:description\" content=\"Reparaci\u00f3n de m\u00f3viles y accesorios en Amurrio. Sobre Nosotros En Next M\u00f3vil Amurrio, nos dedicamos a ofrecer soluciones tecnol\u00f3gicas personalizadas y servicios de telecomunicaciones con un enfoque cercano y profesional. Nuestro objetivo principal es ayudar a nuestros clientes a encontrar las mejores opciones que se adapten a sus necesidades, ya sea en telefon\u00eda m\u00f3vil, internet, [&hellip;]\" \/>\n<meta property=\"og:url\" content=\"https:\/\/nextmovilamurrio.com\/eu\/\" \/>\n<meta property=\"og:site_name\" content=\"NEXT MOVIL AMURRIO\" \/>\n<meta property=\"article:modified_time\" content=\"2024-12-20T16:12:16+00:00\" \/>\n<meta name=\"twitter:card\" content=\"summary_large_image\" \/>\n<meta name=\"twitter:label1\" content=\"Est. reading time\" \/>\n\t<meta name=\"twitter:data1\" content=\"1 minutua\" \/>\n<script type=\"application\/ld+json\" class=\"yoast-schema-graph\">{\"@context\":\"https:\\\/\\\/schema.org\",\"@graph\":[{\"@type\":\"WebPage\",\"@id\":\"https:\\\/\\\/nextmovilamurrio.com\\\/\",\"url\":\"https:\\\/\\\/nextmovilamurrio.com\\\/\",\"name\":\"Inicio - NEXT MOVIL AMURRIO\",\"isPartOf\":{\"@id\":\"https:\\\/\\\/nextmovilamurrio.com\\\/#website\"},\"datePublished\":\"2024-09-20T11:16:08+00:00\",\"dateModified\":\"2024-12-20T16:12:16+00:00\",\"breadcrumb\":{\"@id\":\"https:\\\/\\\/nextmovilamurrio.com\\\/#breadcrumb\"},\"inLanguage\":\"eu\",\"potentialAction\":[{\"@type\":\"ReadAction\",\"target\":[\"https:\\\/\\\/nextmovilamurrio.com\\\/\"]}]},{\"@type\":\"BreadcrumbList\",\"@id\":\"https:\\\/\\\/nextmovilamurrio.com\\\/#breadcrumb\",\"itemListElement\":[{\"@type\":\"ListItem\",\"position\":1,\"name\":\"Portada\",\"item\":\"https:\\\/\\\/nextmovilamurrio.com\\\/\"},{\"@type\":\"ListItem\",\"position\":2,\"name\":\"Inicio\"}]},{\"@type\":\"WebSite\",\"@id\":\"https:\\\/\\\/nextmovilamurrio.com\\\/#website\",\"url\":\"https:\\\/\\\/nextmovilamurrio.com\\\/\",\"name\":\"NEXT MOVIL AMURRIO\",\"description\":\"Reparaci\u00f3n de dispositivos m\u00f3viles y en la venta de accesorios tecnol\u00f3gicos. \",\"publisher\":{\"@id\":\"https:\\\/\\\/nextmovilamurrio.com\\\/#organization\"},\"potentialAction\":[{\"@type\":\"SearchAction\",\"target\":{\"@type\":\"EntryPoint\",\"urlTemplate\":\"https:\\\/\\\/nextmovilamurrio.com\\\/?s={search_term_string}\"},\"query-input\":{\"@type\":\"PropertyValueSpecification\",\"valueRequired\":true,\"valueName\":\"search_term_string\"}}],\"inLanguage\":\"eu\"},{\"@type\":\"Organization\",\"@id\":\"https:\\\/\\\/nextmovilamurrio.com\\\/#organization\",\"name\":\"NEXT MOVIL AMURRIO\",\"url\":\"https:\\\/\\\/nextmovilamurrio.com\\\/\",\"logo\":{\"@type\":\"ImageObject\",\"inLanguage\":\"eu\",\"@id\":\"https:\\\/\\\/nextmovilamurrio.com\\\/#\\\/schema\\\/logo\\\/image\\\/\",\"url\":\"https:\\\/\\\/nextmovilamurrio.com\\\/wp-content\\\/uploads\\\/2024\\\/12\\\/cropped-Diseno-sin-titulo.png\",\"contentUrl\":\"https:\\\/\\\/nextmovilamurrio.com\\\/wp-content\\\/uploads\\\/2024\\\/12\\\/cropped-Diseno-sin-titulo.png\",\"width\":500,\"height\":348,\"caption\":\"NEXT MOVIL AMURRIO\"},\"image\":{\"@id\":\"https:\\\/\\\/nextmovilamurrio.com\\\/#\\\/schema\\\/logo\\\/image\\\/\"}}]}<\/script>\n<!-- \/ Yoast SEO plugin. -->","yoast_head_json":{"title":"Inicio - NEXT MOVIL AMURRIO","robots":{"index":"index","follow":"follow","max-snippet":"max-snippet:-1","max-image-preview":"max-image-preview:large","max-video-preview":"max-video-preview:-1"},"canonical":"https:\/\/nextmovilamurrio.com\/eu\/","og_locale":"en_US","og_type":"article","og_title":"Inicio - NEXT MOVIL AMURRIO","og_description":"Reparaci\u00f3n de m\u00f3viles y accesorios en Amurrio. Sobre Nosotros En Next M\u00f3vil Amurrio, nos dedicamos a ofrecer soluciones tecnol\u00f3gicas personalizadas y servicios de telecomunicaciones con un enfoque cercano y profesional. Nuestro objetivo principal es ayudar a nuestros clientes a encontrar las mejores opciones que se adapten a sus necesidades, ya sea en telefon\u00eda m\u00f3vil, internet, [&hellip;]","og_url":"https:\/\/nextmovilamurrio.com\/eu\/","og_site_name":"NEXT MOVIL AMURRIO","article_modified_time":"2024-12-20T16:12:16+00:00","twitter_card":"summary_large_image","twitter_misc":{"Est. reading time":"1 minutua"},"schema":{"@context":"https:\/\/schema.org","@graph":[{"@type":"WebPage","@id":"https:\/\/nextmovilamurrio.com\/","url":"https:\/\/nextmovilamurrio.com\/","name":"Inicio - NEXT MOVIL AMURRIO","isPartOf":{"@id":"https:\/\/nextmovilamurrio.com\/#website"},"datePublished":"2024-09-20T11:16:08+00:00","dateModified":"2024-12-20T16:12:16+00:00","breadcrumb":{"@id":"https:\/\/nextmovilamurrio.com\/#breadcrumb"},"inLanguage":"eu","potentialAction":[{"@type":"ReadAction","target":["https:\/\/nextmovilamurrio.com\/"]}]},{"@type":"BreadcrumbList","@id":"https:\/\/nextmovilamurrio.com\/#breadcrumb","itemListElement":[{"@type":"ListItem","position":1,"name":"Portada","item":"https:\/\/nextmovilamurrio.com\/"},{"@type":"ListItem","position":2,"name":"Inicio"}]},{"@type":"WebSite","@id":"https:\/\/nextmovilamurrio.com\/#website","url":"https:\/\/nextmovilamurrio.com\/","name":"NEXT MOVIL AMURRIO","description":"Reparaci\u00f3n de dispositivos m\u00f3viles y en la venta de accesorios tecnol\u00f3gicos.","publisher":{"@id":"https:\/\/nextmovilamurrio.com\/#organization"},"potentialAction":[{"@type":"SearchAction","target":{"@type":"EntryPoint","urlTemplate":"https:\/\/nextmovilamurrio.com\/?s={search_term_string}"},"query-input":{"@type":"PropertyValueSpecification","valueRequired":true,"valueName":"search_term_string"}}],"inLanguage":"eu"},{"@type":"Organization","@id":"https:\/\/nextmovilamurrio.com\/#organization","name":"NEXT MOVIL AMURRIO","url":"https:\/\/nextmovilamurrio.com\/","logo":{"@type":"ImageObject","inLanguage":"eu","@id":"https:\/\/nextmovilamurrio.com\/#\/schema\/logo\/image\/","url":"https:\/\/nextmovilamurrio.com\/wp-content\/uploads\/2024\/12\/cropped-Diseno-sin-titulo.png","contentUrl":"https:\/\/nextmovilamurrio.com\/wp-content\/uploads\/2024\/12\/cropped-Diseno-sin-titulo.png","width":500,"height":348,"caption":"NEXT MOVIL AMURRIO"},"image":{"@id":"https:\/\/nextmovilamurrio.com\/#\/schema\/logo\/image\/"}}]}},"_links":{"self":[{"href":"https:\/\/nextmovilamurrio.com\/eu\/wp-json\/wp\/v2\/pages\/2","targetHints":{"allow":["GET"]}}],"collection":[{"href":"https:\/\/nextmovilamurrio.com\/eu\/wp-json\/wp\/v2\/pages"}],"about":[{"href":"https:\/\/nextmovilamurrio.com\/eu\/wp-json\/wp\/v2\/types\/page"}],"author":[{"embeddable":true,"href":"https:\/\/nextmovilamurrio.com\/eu\/wp-json\/wp\/v2\/users\/3"}],"replies":[{"embeddable":true,"href":"https:\/\/nextmovilamurrio.com\/eu\/wp-json\/wp\/v2\/comments?post=2"}],"version-history":[{"count":212,"href":"https:\/\/nextmovilamurrio.com\/eu\/wp-json\/wp\/v2\/pages\/2\/revisions"}],"predecessor-version":[{"id":779,"href":"https:\/\/nextmovilamurrio.com\/eu\/wp-json\/wp\/v2\/pages\/2\/revisions\/779"}],"wp:attachment":[{"href":"https:\/\/nextmovilamurrio.com\/eu\/wp-json\/wp\/v2\/media?parent=2"}],"curies":[{"name":"wp","href":"https:\/\/api.w.org\/{rel}","templated":true}]}}